{"id":8439,"date":"2021-03-17T12:21:33","date_gmt":"2021-03-17T12:21:33","guid":{"rendered":"https:\/\/www.beasguesthouse.com\/blog\/"},"modified":"2022-04-27T08:24:08","modified_gmt":"2022-04-27T08:24:08","slug":"blog","status":"publish","type":"page","link":"https:\/\/www.beasguesthouse.com\/de\/blog\/","title":{"rendered":"Blog"},"content":{"rendered":"\t\t<div data-elementor-type=\"wp-page\" data-elementor-id=\"8439\" class=\"elementor elementor-8439 elementor-1054\">\n\t\t\t\t\t\t\t\t\t<section class=\"elementor-section elementor-top-section elementor-element elementor-element-0c341eb elementor-section-boxed elementor-section-height-default elementor-section-height-default qodef-elementor-content-no\" data-id=\"0c341eb\" data-element_type=\"section\">\n\t\t\t\t\t\t<div class=\"elementor-container elementor-column-gap-default\">\n\t\t\t\t\t<div class=\"elementor-column elementor-col-100 elementor-top-column elementor-element elementor-element-a97060a\" data-id=\"a97060a\" data-element_type=\"column\">\n\t\t\t<div class=\"elementor-widget-wrap elementor-element-populated\">\n\t\t\t\t\t\t\t\t<div class=\"elementor-element elementor-element-46029bc elementor-widget elementor-widget-fairwaygreen_core_blog_list\" data-id=\"46029bc\" data-element_type=\"widget\" data-widget_type=\"fairwaygreen_core_blog_list.default\">\n\t\t\t\t<div class=\"elementor-widget-container\">\n\t\t\t<div class=\"qodef-shortcode qodef-m  qodef-blog qodef--list qodef-item-layout--standard qodef-grid qodef-layout--masonry  qodef-gutter--no qodef-col-num--1 qodef-item-layout--standard qodef-pagination--on qodef-pagination-type--standard qodef-responsive--predefined\" data-options=\"{&quot;plugin&quot;:&quot;fairwaygreen_core&quot;,&quot;module&quot;:&quot;blog\\\/shortcodes&quot;,&quot;shortcode&quot;:&quot;blog-list&quot;,&quot;post_type&quot;:&quot;post&quot;,&quot;next_page&quot;:&quot;2&quot;,&quot;max_pages_num&quot;:1,&quot;behavior&quot;:&quot;masonry&quot;,&quot;columns&quot;:&quot;1&quot;,&quot;columns_responsive&quot;:&quot;predefined&quot;,&quot;space&quot;:&quot;no&quot;,&quot;posts_per_page&quot;:&quot;5&quot;,&quot;orderby&quot;:&quot;date&quot;,&quot;order&quot;:&quot;ASC&quot;,&quot;additional_params&quot;:&quot;tax&quot;,&quot;tax&quot;:&quot;category&quot;,&quot;layout&quot;:&quot;standard&quot;,&quot;title_tag&quot;:&quot;h2&quot;,&quot;excerpt_length&quot;:&quot;600&quot;,&quot;hide_author&quot;:&quot;yes&quot;,&quot;shrink_title&quot;:&quot;no&quot;,&quot;pagination_type&quot;:&quot;standard&quot;,&quot;object_class_name&quot;:&quot;FairwayGreenCore_Blog_List_Shortcode&quot;,&quot;taxonomy_filter&quot;:&quot;category&quot;}\">\n\t\t<div class=\"qodef-grid-inner clear\">\n\t\t\t<div class=\"qodef-grid-masonry-sizer\"><\/div>\n\t<div class=\"qodef-grid-masonry-gutter\"><\/div>\n<article class=\"qodef-e qodef-blog-item qodef-grid-item post-8455 post type-post status-publish format-standard has-post-thumbnail hentry category-itinerari-de tag-itinerari-de\">\n\t<div class=\"qodef-e-inner\">\n\t\t<div class=\"qodef-e-media\">\n\t\t<div class=\"qodef-e-media-image\">\n\t\t<a itemprop=\"url\" href=\"https:\/\/www.beasguesthouse.com\/de\/2024\/03\/18\/die-romantischsten-aussichten-und-orte-roms\/\">\n\t\t\t<img decoding=\"async\" width=\"1300\" height=\"776\" src=\"https:\/\/www.beasguesthouse.com\/wp-content\/uploads\/2021\/03\/Progetto-senza-titolo-82.jpg\" class=\"attachment-full size-full wp-post-image\" alt=\"\" srcset=\"https:\/\/www.beasguesthouse.com\/wp-content\/uploads\/2021\/03\/Progetto-senza-titolo-82.jpg 1300w, https:\/\/www.beasguesthouse.com\/wp-content\/uploads\/2021\/03\/Progetto-senza-titolo-82-600x358.jpg 600w, https:\/\/www.beasguesthouse.com\/wp-content\/uploads\/2021\/03\/Progetto-senza-titolo-82-300x179.jpg 300w, https:\/\/www.beasguesthouse.com\/wp-content\/uploads\/2021\/03\/Progetto-senza-titolo-82-1024x611.jpg 1024w, https:\/\/www.beasguesthouse.com\/wp-content\/uploads\/2021\/03\/Progetto-senza-titolo-82-768x458.jpg 768w\" sizes=\"(max-width: 1300px) 100vw, 1300px\" \/>\t\t<\/a>\n\t<\/div>\n<\/div>\n\t\t<div class=\"qodef-e-content\">\n\t\t\t<div class=\"qodef-e-top-holder\">\n\t\t\t\t<div class=\"qodef-e-info\">\n\t\t\t\t\t<a itemprop=\"dateCreated\" href=\"https:\/\/www.beasguesthouse.com\/de\/2024\/03\/\" class=\"qodef-e-info-date \">\n\tM\u00e4rz 18, 2024<\/a><div class=\"qodef-info-separator-end\"><\/div><a href=\"https:\/\/www.beasguesthouse.com\/de\/category\/itinerari-de\/\" rel=\"tag\">Itinerari<\/a><div class=\"qodef-info-separator-end\"><\/div>\t\t\t\t<\/div>\n\t\t\t<\/div>\n\t\t\t<div class=\"qodef-e-text\">\n\t\t\t\t<h2 itemprop=\"name\" class=\"qodef-e-title entry-title\" >\n\t<a itemprop=\"url\" class=\"qodef-e-title-link\" href=\"https:\/\/www.beasguesthouse.com\/de\/2024\/03\/18\/die-romantischsten-aussichten-und-orte-roms\/\">\n\t\tDie romantischsten Aussichten und Orte Roms\t<\/a>\n<\/h2>\n\t\t<p itemprop=\"description\" class=\"qodef-e-excerpt\">Rom ist eine der romantischsten St\u00e4dte der Welt und das perfekte Ziel f\u00fcr einen romantischen Kurzurlaub. Es gibt viele Orte, die das Herz h\u00f6her schlagen lassen und unvergessliche Emotionen vermitteln k\u00f6nnen. Die Hauptstadt ist von Natur aus romantisch, aber es gibt einige Orte, die man nur zu zweit entdecken kann, an denen das \u201eIch liebe dich\u201c sagen eine ganz andere Note hat.<\/p>\n\t\t\t\t<\/div>\n\t\t\t<div class=\"qodef-e-bottom-holder\">\n\t\t\t\t<div class=\"qodef-e-left\">\n\t\t\t\t\t\t<div class=\"qodef-e-read-more\">\n\t\t<a class=\"qodef-shortcode qodef-m  qodef-button qodef-layout--textual  qodef-html--link\" href=\"https:\/\/www.beasguesthouse.com\/de\/2024\/03\/18\/die-romantischsten-aussichten-und-orte-roms\/\" target=\"_self\"  >\t<svg  xmlns=\"http:\/\/www.w3.org\/2000\/svg\" width=\"22\" height=\"12px\"><g><line stroke=\"currentColor\" y2=\"5.5\" x2=\"21\" y1=\"5.5\" x1=\"1\" fill=\"none\"><\/line><line stroke=\"currentColor\" y2=\"5.5\" x2=\"21.5\" y1=\"1.5\" x1=\"17.5\" fill=\"none\"><\/line><line stroke=\"currentColor\" y2=\"9.5\" x2=\"17.5\" y1=\"5.5\" x1=\"21.5\" fill=\"none\"><\/line><\/g><\/svg>\t<span class=\"qodef-m-text\">Read More<\/span><\/a>\t<\/div>\n\t\t\t\t<\/div>\n\t\t\t<\/div>\n\t\t<\/div>\n\t<\/div>\n<\/article>\n<article class=\"qodef-e qodef-blog-item qodef-grid-item post-8451 post type-post status-publish format-standard has-post-thumbnail hentry category-itinerari-de tag-itinerari-de tag-shopping-de\">\n\t<div class=\"qodef-e-inner\">\n\t\t<div class=\"qodef-e-media\">\n\t\t<div class=\"qodef-e-media-image\">\n\t\t<a itemprop=\"url\" href=\"https:\/\/www.beasguesthouse.com\/de\/2024\/03\/18\/die-schoensten-einkaufsstrassen-roms\/\">\n\t\t\t<img decoding=\"async\" width=\"1300\" height=\"776\" src=\"https:\/\/www.beasguesthouse.com\/wp-content\/uploads\/2021\/03\/Progetto-senza-titolo-84.jpg\" class=\"attachment-full size-full wp-post-image\" alt=\"\" srcset=\"https:\/\/www.beasguesthouse.com\/wp-content\/uploads\/2021\/03\/Progetto-senza-titolo-84.jpg 1300w, https:\/\/www.beasguesthouse.com\/wp-content\/uploads\/2021\/03\/Progetto-senza-titolo-84-600x358.jpg 600w, https:\/\/www.beasguesthouse.com\/wp-content\/uploads\/2021\/03\/Progetto-senza-titolo-84-300x179.jpg 300w, https:\/\/www.beasguesthouse.com\/wp-content\/uploads\/2021\/03\/Progetto-senza-titolo-84-1024x611.jpg 1024w, https:\/\/www.beasguesthouse.com\/wp-content\/uploads\/2021\/03\/Progetto-senza-titolo-84-768x458.jpg 768w\" sizes=\"(max-width: 1300px) 100vw, 1300px\" \/>\t\t<\/a>\n\t<\/div>\n<\/div>\n\t\t<div class=\"qodef-e-content\">\n\t\t\t<div class=\"qodef-e-top-holder\">\n\t\t\t\t<div class=\"qodef-e-info\">\n\t\t\t\t\t<a itemprop=\"dateCreated\" href=\"https:\/\/www.beasguesthouse.com\/de\/2024\/03\/\" class=\"qodef-e-info-date \">\n\tM\u00e4rz 18, 2024<\/a><div class=\"qodef-info-separator-end\"><\/div><a href=\"https:\/\/www.beasguesthouse.com\/de\/category\/itinerari-de\/\" rel=\"tag\">Itinerari<\/a><div class=\"qodef-info-separator-end\"><\/div>\t\t\t\t<\/div>\n\t\t\t<\/div>\n\t\t\t<div class=\"qodef-e-text\">\n\t\t\t\t<h2 itemprop=\"name\" class=\"qodef-e-title entry-title\" >\n\t<a itemprop=\"url\" class=\"qodef-e-title-link\" href=\"https:\/\/www.beasguesthouse.com\/de\/2024\/03\/18\/die-schoensten-einkaufsstrassen-roms\/\">\n\t\tDie sch\u00f6nsten Einkaufsstra\u00dfen Roms\t<\/a>\n<\/h2>\n\t\t<p itemprop=\"description\" class=\"qodef-e-excerpt\">Rom ist ein wahres Einkaufsparadies. Von der Altstadt bis zu den malerischsten Vierteln gibt es zahlreiche Einkaufsstra\u00dfen, in denen Sie Ihrer Shoppinglust freien Lauf lassen k\u00f6nnen. Das Angebot ist nahezu grenzenlos: Man findet wirklich alles, f\u00fcr jeden Stil und f\u00fcr jedes Budget. Sie werden der Versuchung, etwas zu kaufen, kaum widerstehen k\u00f6nnen.<\/p>\n\t\t\t\t<\/div>\n\t\t\t<div class=\"qodef-e-bottom-holder\">\n\t\t\t\t<div class=\"qodef-e-left\">\n\t\t\t\t\t\t<div class=\"qodef-e-read-more\">\n\t\t<a class=\"qodef-shortcode qodef-m  qodef-button qodef-layout--textual  qodef-html--link\" href=\"https:\/\/www.beasguesthouse.com\/de\/2024\/03\/18\/die-schoensten-einkaufsstrassen-roms\/\" target=\"_self\"  >\t<svg  xmlns=\"http:\/\/www.w3.org\/2000\/svg\" width=\"22\" height=\"12px\"><g><line stroke=\"currentColor\" y2=\"5.5\" x2=\"21\" y1=\"5.5\" x1=\"1\" fill=\"none\"><\/line><line stroke=\"currentColor\" y2=\"5.5\" x2=\"21.5\" y1=\"1.5\" x1=\"17.5\" fill=\"none\"><\/line><line stroke=\"currentColor\" y2=\"9.5\" x2=\"17.5\" y1=\"5.5\" x1=\"21.5\" fill=\"none\"><\/line><\/g><\/svg>\t<span class=\"qodef-m-text\">Read More<\/span><\/a>\t<\/div>\n\t\t\t\t<\/div>\n\t\t\t<\/div>\n\t\t<\/div>\n\t<\/div>\n<\/article>\n<article class=\"qodef-e qodef-blog-item qodef-grid-item post-8447 post type-post status-publish format-standard has-post-thumbnail hentry category-itinerari-de tag-food-de tag-itinerari-de\">\n\t<div class=\"qodef-e-inner\">\n\t\t<div class=\"qodef-e-media\">\n\t\t<div class=\"qodef-e-media-image\">\n\t\t<a itemprop=\"url\" href=\"https:\/\/www.beasguesthouse.com\/de\/2024\/03\/18\/gastronomische-route-zur-entdeckung-roemischer-spezialitaeten\/\">\n\t\t\t<img decoding=\"async\" width=\"1300\" height=\"776\" src=\"https:\/\/www.beasguesthouse.com\/wp-content\/uploads\/2021\/03\/Progetto-senza-titolo-87.jpg\" class=\"attachment-full size-full wp-post-image\" alt=\"\" srcset=\"https:\/\/www.beasguesthouse.com\/wp-content\/uploads\/2021\/03\/Progetto-senza-titolo-87.jpg 1300w, https:\/\/www.beasguesthouse.com\/wp-content\/uploads\/2021\/03\/Progetto-senza-titolo-87-600x358.jpg 600w, https:\/\/www.beasguesthouse.com\/wp-content\/uploads\/2021\/03\/Progetto-senza-titolo-87-300x179.jpg 300w, https:\/\/www.beasguesthouse.com\/wp-content\/uploads\/2021\/03\/Progetto-senza-titolo-87-1024x611.jpg 1024w, https:\/\/www.beasguesthouse.com\/wp-content\/uploads\/2021\/03\/Progetto-senza-titolo-87-768x458.jpg 768w\" sizes=\"(max-width: 1300px) 100vw, 1300px\" \/>\t\t<\/a>\n\t<\/div>\n<\/div>\n\t\t<div class=\"qodef-e-content\">\n\t\t\t<div class=\"qodef-e-top-holder\">\n\t\t\t\t<div class=\"qodef-e-info\">\n\t\t\t\t\t<a itemprop=\"dateCreated\" href=\"https:\/\/www.beasguesthouse.com\/de\/2024\/03\/\" class=\"qodef-e-info-date \">\n\tM\u00e4rz 18, 2024<\/a><div class=\"qodef-info-separator-end\"><\/div><a href=\"https:\/\/www.beasguesthouse.com\/de\/category\/itinerari-de\/\" rel=\"tag\">Itinerari<\/a><div class=\"qodef-info-separator-end\"><\/div>\t\t\t\t<\/div>\n\t\t\t<\/div>\n\t\t\t<div class=\"qodef-e-text\">\n\t\t\t\t<h2 itemprop=\"name\" class=\"qodef-e-title entry-title\" >\n\t<a itemprop=\"url\" class=\"qodef-e-title-link\" href=\"https:\/\/www.beasguesthouse.com\/de\/2024\/03\/18\/gastronomische-route-zur-entdeckung-roemischer-spezialitaeten\/\">\n\t\tGastronomische Route zur Entdeckung r\u00f6mischer Spezialit\u00e4ten\t<\/a>\n<\/h2>\n\t\t<p itemprop=\"description\" class=\"qodef-e-excerpt\">Rom ist auf der ganzen Welt ber\u00fchmt f\u00fcr seine Denkm\u00e4ler, Kirchen und Kunstwerke, aber auch und vor allem f\u00fcr seine gro\u00dfe kulinarische Tradition. Die r\u00f6mische K\u00fcche ist unverf\u00e4lscht und basiert auf einfachen und oft bescheidenen Zutaten l\u00e4ndlicher und b\u00e4uerlicher Abstammung. Aber es ist immer noch eine geschmacksreiche K\u00fcche, die ihre ganze schmackhafte Vielfalt zum Ausdruck bringt. Ob Hunger stillen oder Hunger stillen, die Ewige Stadt hat kulinarisch einiges zu bieten.<\/p>\n\t\t\t\t<\/div>\n\t\t\t<div class=\"qodef-e-bottom-holder\">\n\t\t\t\t<div class=\"qodef-e-left\">\n\t\t\t\t\t\t<div class=\"qodef-e-read-more\">\n\t\t<a class=\"qodef-shortcode qodef-m  qodef-button qodef-layout--textual  qodef-html--link\" href=\"https:\/\/www.beasguesthouse.com\/de\/2024\/03\/18\/gastronomische-route-zur-entdeckung-roemischer-spezialitaeten\/\" target=\"_self\"  >\t<svg  xmlns=\"http:\/\/www.w3.org\/2000\/svg\" width=\"22\" height=\"12px\"><g><line stroke=\"currentColor\" y2=\"5.5\" x2=\"21\" y1=\"5.5\" x1=\"1\" fill=\"none\"><\/line><line stroke=\"currentColor\" y2=\"5.5\" x2=\"21.5\" y1=\"1.5\" x1=\"17.5\" fill=\"none\"><\/line><line stroke=\"currentColor\" y2=\"9.5\" x2=\"17.5\" y1=\"5.5\" x1=\"21.5\" fill=\"none\"><\/line><\/g><\/svg>\t<span class=\"qodef-m-text\">Read More<\/span><\/a>\t<\/div>\n\t\t\t\t<\/div>\n\t\t\t<\/div>\n\t\t<\/div>\n\t<\/div>\n<\/article>\n<article class=\"qodef-e qodef-blog-item qodef-grid-item post-8443 post type-post status-publish format-standard has-post-thumbnail hentry category-unkategorisiert\">\n\t<div class=\"qodef-e-inner\">\n\t\t<div class=\"qodef-e-media\">\n\t\t<div class=\"qodef-e-media-image\">\n\t\t<a itemprop=\"url\" href=\"https:\/\/www.beasguesthouse.com\/de\/2024\/03\/22\/empfohlene-restaurants-und-clubs\/\">\n\t\t\t<img decoding=\"async\" width=\"1300\" height=\"776\" src=\"https:\/\/www.beasguesthouse.com\/wp-content\/uploads\/2022\/03\/Progetto-senza-titolo-2022-03-22T125003.823-min.jpg\" class=\"attachment-full size-full wp-post-image\" alt=\"\" srcset=\"https:\/\/www.beasguesthouse.com\/wp-content\/uploads\/2022\/03\/Progetto-senza-titolo-2022-03-22T125003.823-min.jpg 1300w, https:\/\/www.beasguesthouse.com\/wp-content\/uploads\/2022\/03\/Progetto-senza-titolo-2022-03-22T125003.823-min-300x179.jpg 300w, https:\/\/www.beasguesthouse.com\/wp-content\/uploads\/2022\/03\/Progetto-senza-titolo-2022-03-22T125003.823-min-1024x611.jpg 1024w, https:\/\/www.beasguesthouse.com\/wp-content\/uploads\/2022\/03\/Progetto-senza-titolo-2022-03-22T125003.823-min-768x458.jpg 768w, https:\/\/www.beasguesthouse.com\/wp-content\/uploads\/2022\/03\/Progetto-senza-titolo-2022-03-22T125003.823-min-600x358.jpg 600w\" sizes=\"(max-width: 1300px) 100vw, 1300px\" \/>\t\t<\/a>\n\t<\/div>\n<\/div>\n\t\t<div class=\"qodef-e-content\">\n\t\t\t<div class=\"qodef-e-top-holder\">\n\t\t\t\t<div class=\"qodef-e-info\">\n\t\t\t\t\t<a itemprop=\"dateCreated\" href=\"https:\/\/www.beasguesthouse.com\/de\/2024\/03\/\" class=\"qodef-e-info-date \">\n\tM\u00e4rz 22, 2024<\/a><div class=\"qodef-info-separator-end\"><\/div><a href=\"https:\/\/www.beasguesthouse.com\/de\/category\/unkategorisiert\/\" rel=\"tag\">Unkategorisiert<\/a><div class=\"qodef-info-separator-end\"><\/div>\t\t\t\t<\/div>\n\t\t\t<\/div>\n\t\t\t<div class=\"qodef-e-text\">\n\t\t\t\t<h2 itemprop=\"name\" class=\"qodef-e-title entry-title\" >\n\t<a itemprop=\"url\" class=\"qodef-e-title-link\" href=\"https:\/\/www.beasguesthouse.com\/de\/2024\/03\/22\/empfohlene-restaurants-und-clubs\/\">\n\t\tEmpfohlene Restaurants und Clubs\t<\/a>\n<\/h2>\n\t\t<p itemprop=\"description\" class=\"qodef-e-excerpt\">Di seguito vi indichiamo i nostri locali e ristoranti consigliati.\nSono tutti ubicati nei pressi di Bea\u2019s Guest House e siamo i primi, quando ne abbiamo il tempo, a frequentarli:<\/p>\n\t\t\t\t<\/div>\n\t\t\t<div class=\"qodef-e-bottom-holder\">\n\t\t\t\t<div class=\"qodef-e-left\">\n\t\t\t\t\t\t<div class=\"qodef-e-read-more\">\n\t\t<a class=\"qodef-shortcode qodef-m  qodef-button qodef-layout--textual  qodef-html--link\" href=\"https:\/\/www.beasguesthouse.com\/de\/2024\/03\/22\/empfohlene-restaurants-und-clubs\/\" target=\"_self\"  >\t<svg  xmlns=\"http:\/\/www.w3.org\/2000\/svg\" width=\"22\" height=\"12px\"><g><line stroke=\"currentColor\" y2=\"5.5\" x2=\"21\" y1=\"5.5\" x1=\"1\" fill=\"none\"><\/line><line stroke=\"currentColor\" y2=\"5.5\" x2=\"21.5\" y1=\"1.5\" x1=\"17.5\" fill=\"none\"><\/line><line stroke=\"currentColor\" y2=\"9.5\" x2=\"17.5\" y1=\"5.5\" x1=\"21.5\" fill=\"none\"><\/line><\/g><\/svg>\t<span class=\"qodef-m-text\">Read More<\/span><\/a>\t<\/div>\n\t\t\t\t<\/div>\n\t\t\t<\/div>\n\t\t<\/div>\n\t<\/div>\n<\/article>\n\t<\/div>\n\t<\/div>\n\t\t<\/div>\n\t\t\t\t<\/div>\n\t\t\t\t\t<\/div>\n\t\t<\/div>\n\t\t\t\t\t\t\t<\/div>\n\t\t<\/section>\n\t\t\t\t\t\t\t<\/div>\n\t\t","protected":false},"excerpt":{"rendered":"<p>Marzo 18, 2021Itinerari Die romantischsten Aussichten und Orte Roms Siete degli inguaribili romantici? Allora Roma \u00e8 la citt\u00e0 giusta per voi! Basterebbe un semplice sguardo nella Citt\u00e0 Eterna per far innamorare chiunque la osservi. Le vie della Capitale si percorrono con gli occhi e soprattutto con il cuore. A Roma, tra le rovine di millenni, [&hellip;]<\/p>\n","protected":false},"author":1,"featured_media":0,"parent":0,"menu_order":0,"comment_status":"closed","ping_status":"closed","template":"","meta":{"footnotes":""},"class_list":["post-8439","page","type-page","status-publish","hentry"],"yoast_head":"<!-- This site is optimized with the Yoast SEO plugin v19.9 - https:\/\/yoast.com\/wordpress\/plugins\/seo\/ -->\n<title>Tourismusblog in Rom von Bea&#039;s Guest House B&amp;B in Rom<\/title>\n<meta name=\"description\" content=\"Entdecken Sie die Umgebung des B&amp;B Bea&#039;s Guest House dank des Blogs, der alle Aktivit\u00e4ten in der N\u00e4he des Viertels Nomentano in Rom auflistet\" \/>\n<meta name=\"robots\" content=\"index, follow, max-snippet:-1, max-image-preview:large, max-video-preview:-1\" \/>\n<link rel=\"canonical\" href=\"https:\/\/www.beasguesthouse.com\/de\/blog\/\" \/>\n<meta property=\"og:locale\" content=\"de_DE\" \/>\n<meta property=\"og:type\" content=\"article\" \/>\n<meta property=\"og:title\" content=\"Tourismusblog in Rom von Bea&#039;s Guest House B&amp;B in Rom\" \/>\n<meta property=\"og:description\" content=\"Entdecken Sie die Umgebung des B&amp;B Bea&#039;s Guest House dank des Blogs, der alle Aktivit\u00e4ten in der N\u00e4he des Viertels Nomentano in Rom auflistet\" \/>\n<meta property=\"og:url\" content=\"https:\/\/www.beasguesthouse.com\/de\/blog\/\" \/>\n<meta property=\"og:site_name\" content=\"Bea&#039;s Guest House\" \/>\n<meta property=\"article:publisher\" content=\"https:\/\/www.facebook.com\/BeasGuesthouse\" \/>\n<meta property=\"article:modified_time\" content=\"2022-04-27T08:24:08+00:00\" \/>\n<meta property=\"og:image\" content=\"https:\/\/www.beasguesthouse.com\/wp-content\/uploads\/2021\/03\/Progetto-senza-titolo-82.jpg\" \/>\n<meta name=\"twitter:card\" content=\"summary_large_image\" \/>\n<meta name=\"twitter:label1\" content=\"Gesch\u00e4tzte Lesezeit\" \/>\n\t<meta name=\"twitter:data1\" content=\"3\u00a0Minuten\" \/>\n<script type=\"application\/ld+json\" class=\"yoast-schema-graph\">{\"@context\":\"https:\/\/schema.org\",\"@graph\":[{\"@type\":\"WebPage\",\"@id\":\"https:\/\/www.beasguesthouse.com\/de\/blog\/\",\"url\":\"https:\/\/www.beasguesthouse.com\/de\/blog\/\",\"name\":\"Tourismusblog in Rom von Bea's Guest House B&B in Rom\",\"isPartOf\":{\"@id\":\"https:\/\/www.beasguesthouse.com\/#website\"},\"datePublished\":\"2021-03-17T12:21:33+00:00\",\"dateModified\":\"2022-04-27T08:24:08+00:00\",\"description\":\"Entdecken Sie die Umgebung des B&B Bea's Guest House dank des Blogs, der alle Aktivit\u00e4ten in der N\u00e4he des Viertels Nomentano in Rom auflistet\",\"breadcrumb\":{\"@id\":\"https:\/\/www.beasguesthouse.com\/de\/blog\/#breadcrumb\"},\"inLanguage\":\"de\",\"potentialAction\":[{\"@type\":\"ReadAction\",\"target\":[\"https:\/\/www.beasguesthouse.com\/de\/blog\/\"]}]},{\"@type\":\"BreadcrumbList\",\"@id\":\"https:\/\/www.beasguesthouse.com\/de\/blog\/#breadcrumb\",\"itemListElement\":[{\"@type\":\"ListItem\",\"position\":1,\"name\":\"Home\",\"item\":\"https:\/\/www.beasguesthouse.com\/\"},{\"@type\":\"ListItem\",\"position\":2,\"name\":\"Blog\"}]},{\"@type\":\"WebSite\",\"@id\":\"https:\/\/www.beasguesthouse.com\/#website\",\"url\":\"https:\/\/www.beasguesthouse.com\/\",\"name\":\"Bea&#039;s Guest House\",\"description\":\"Bea&#039;s Guest House B&amp;B a Piazza Bologna Roma\",\"publisher\":{\"@id\":\"https:\/\/www.beasguesthouse.com\/#organization\"},\"potentialAction\":[{\"@type\":\"SearchAction\",\"target\":{\"@type\":\"EntryPoint\",\"urlTemplate\":\"https:\/\/www.beasguesthouse.com\/?s={search_term_string}\"},\"query-input\":\"required name=search_term_string\"}],\"inLanguage\":\"de\"},{\"@type\":\"Organization\",\"@id\":\"https:\/\/www.beasguesthouse.com\/#organization\",\"name\":\"Bea's Guest House\",\"url\":\"https:\/\/www.beasguesthouse.com\/\",\"logo\":{\"@type\":\"ImageObject\",\"inLanguage\":\"de\",\"@id\":\"https:\/\/www.beasguesthouse.com\/#\/schema\/logo\/image\/\",\"url\":\"https:\/\/www.beasguesthouse.com\/wp-content\/uploads\/2022\/03\/logo-beas-sito.png\",\"contentUrl\":\"https:\/\/www.beasguesthouse.com\/wp-content\/uploads\/2022\/03\/logo-beas-sito.png\",\"width\":401,\"height\":587,\"caption\":\"Bea's Guest House\"},\"image\":{\"@id\":\"https:\/\/www.beasguesthouse.com\/#\/schema\/logo\/image\/\"},\"sameAs\":[\"https:\/\/www.instagram.com\/beasguesthouse\/\",\"https:\/\/www.facebook.com\/BeasGuesthouse\"]}]}<\/script>\n<!-- \/ Yoast SEO plugin. -->","yoast_head_json":{"title":"Tourismusblog in Rom von Bea's Guest House B&B in Rom","description":"Entdecken Sie die Umgebung des B&B Bea's Guest House dank des Blogs, der alle Aktivit\u00e4ten in der N\u00e4he des Viertels Nomentano in Rom auflistet","robots":{"index":"index","follow":"follow","max-snippet":"max-snippet:-1","max-image-preview":"max-image-preview:large","max-video-preview":"max-video-preview:-1"},"canonical":"https:\/\/www.beasguesthouse.com\/de\/blog\/","og_locale":"de_DE","og_type":"article","og_title":"Tourismusblog in Rom von Bea's Guest House B&B in Rom","og_description":"Entdecken Sie die Umgebung des B&B Bea's Guest House dank des Blogs, der alle Aktivit\u00e4ten in der N\u00e4he des Viertels Nomentano in Rom auflistet","og_url":"https:\/\/www.beasguesthouse.com\/de\/blog\/","og_site_name":"Bea&#039;s Guest House","article_publisher":"https:\/\/www.facebook.com\/BeasGuesthouse","article_modified_time":"2022-04-27T08:24:08+00:00","og_image":[{"url":"https:\/\/www.beasguesthouse.com\/wp-content\/uploads\/2021\/03\/Progetto-senza-titolo-82.jpg"}],"twitter_card":"summary_large_image","twitter_misc":{"Gesch\u00e4tzte Lesezeit":"3\u00a0Minuten"},"schema":{"@context":"https:\/\/schema.org","@graph":[{"@type":"WebPage","@id":"https:\/\/www.beasguesthouse.com\/de\/blog\/","url":"https:\/\/www.beasguesthouse.com\/de\/blog\/","name":"Tourismusblog in Rom von Bea's Guest House B&B in Rom","isPartOf":{"@id":"https:\/\/www.beasguesthouse.com\/#website"},"datePublished":"2021-03-17T12:21:33+00:00","dateModified":"2022-04-27T08:24:08+00:00","description":"Entdecken Sie die Umgebung des B&B Bea's Guest House dank des Blogs, der alle Aktivit\u00e4ten in der N\u00e4he des Viertels Nomentano in Rom auflistet","breadcrumb":{"@id":"https:\/\/www.beasguesthouse.com\/de\/blog\/#breadcrumb"},"inLanguage":"de","potentialAction":[{"@type":"ReadAction","target":["https:\/\/www.beasguesthouse.com\/de\/blog\/"]}]},{"@type":"BreadcrumbList","@id":"https:\/\/www.beasguesthouse.com\/de\/blog\/#breadcrumb","itemListElement":[{"@type":"ListItem","position":1,"name":"Home","item":"https:\/\/www.beasguesthouse.com\/"},{"@type":"ListItem","position":2,"name":"Blog"}]},{"@type":"WebSite","@id":"https:\/\/www.beasguesthouse.com\/#website","url":"https:\/\/www.beasguesthouse.com\/","name":"Bea&#039;s Guest House","description":"Bea&#039;s Guest House B&amp;B a Piazza Bologna Roma","publisher":{"@id":"https:\/\/www.beasguesthouse.com\/#organization"},"potentialAction":[{"@type":"SearchAction","target":{"@type":"EntryPoint","urlTemplate":"https:\/\/www.beasguesthouse.com\/?s={search_term_string}"},"query-input":"required name=search_term_string"}],"inLanguage":"de"},{"@type":"Organization","@id":"https:\/\/www.beasguesthouse.com\/#organization","name":"Bea's Guest House","url":"https:\/\/www.beasguesthouse.com\/","logo":{"@type":"ImageObject","inLanguage":"de","@id":"https:\/\/www.beasguesthouse.com\/#\/schema\/logo\/image\/","url":"https:\/\/www.beasguesthouse.com\/wp-content\/uploads\/2022\/03\/logo-beas-sito.png","contentUrl":"https:\/\/www.beasguesthouse.com\/wp-content\/uploads\/2022\/03\/logo-beas-sito.png","width":401,"height":587,"caption":"Bea's Guest House"},"image":{"@id":"https:\/\/www.beasguesthouse.com\/#\/schema\/logo\/image\/"},"sameAs":["https:\/\/www.instagram.com\/beasguesthouse\/","https:\/\/www.facebook.com\/BeasGuesthouse"]}]}},"_links":{"self":[{"href":"https:\/\/www.beasguesthouse.com\/de\/wp-json\/wp\/v2\/pages\/8439","targetHints":{"allow":["GET"]}}],"collection":[{"href":"https:\/\/www.beasguesthouse.com\/de\/wp-json\/wp\/v2\/pages"}],"about":[{"href":"https:\/\/www.beasguesthouse.com\/de\/wp-json\/wp\/v2\/types\/page"}],"author":[{"embeddable":true,"href":"https:\/\/www.beasguesthouse.com\/de\/wp-json\/wp\/v2\/users\/1"}],"replies":[{"embeddable":true,"href":"https:\/\/www.beasguesthouse.com\/de\/wp-json\/wp\/v2\/comments?post=8439"}],"version-history":[{"count":7,"href":"https:\/\/www.beasguesthouse.com\/de\/wp-json\/wp\/v2\/pages\/8439\/revisions"}],"predecessor-version":[{"id":9010,"href":"https:\/\/www.beasguesthouse.com\/de\/wp-json\/wp\/v2\/pages\/8439\/revisions\/9010"}],"wp:attachment":[{"href":"https:\/\/www.beasguesthouse.com\/de\/wp-json\/wp\/v2\/media?parent=8439"}],"curies":[{"name":"wp","href":"https:\/\/api.w.org\/{rel}","templated":true}]}}