{"id":8478,"date":"2021-03-19T14:08:00","date_gmt":"2021-03-19T14:08:00","guid":{"rendered":"https:\/\/www.beasguesthouse.com\/faq\/"},"modified":"2023-05-03T11:45:25","modified_gmt":"2023-05-03T11:45:25","slug":"faq","status":"publish","type":"page","link":"https:\/\/www.beasguesthouse.com\/de\/faq\/","title":{"rendered":"FAQ"},"content":{"rendered":"\t\t<div data-elementor-type=\"wp-page\" data-elementor-id=\"8478\" class=\"elementor elementor-8478 elementor-2252\">\n\t\t\t\t\t\t\t\t\t<section class=\"elementor-section elementor-top-section elementor-element elementor-element-64b670e0 elementor-section-full_width elementor-section-stretched qodef-elementor-content-grid elementor-section-height-default elementor-section-height-default\" data-id=\"64b670e0\" data-element_type=\"section\" data-settings=\"{&quot;stretch_section&quot;:&quot;section-stretched&quot;,&quot;background_background&quot;:&quot;classic&quot;}\">\n\t\t\t\t\t\t<div class=\"elementor-container elementor-column-gap-default\">\n\t\t\t\t\t<div class=\"elementor-column elementor-col-100 elementor-top-column elementor-element elementor-element-c1639d3\" data-id=\"c1639d3\" data-element_type=\"column\">\n\t\t\t<div class=\"elementor-widget-wrap elementor-element-populated\">\n\t\t\t\t\t\t\t\t<div class=\"elementor-element elementor-element-59d0c254 elementor-widget elementor-widget-fairwaygreen_core_separator\" data-id=\"59d0c254\" data-element_type=\"widget\" data-widget_type=\"fairwaygreen_core_separator.default\">\n\t\t\t\t<div class=\"elementor-widget-container\">\n\t\t\t<div class=\"qodef-shortcode qodef-m  qodef-separator clear qodef-position--center\">\n\t<div class=\"qodef-m-line\" style=\"border-color: #A68F5B5C;border-style: solid;width: 1px;border-bottom-width: 130px\"><\/div>\n<\/div>\n\t\t<\/div>\n\t\t\t\t<\/div>\n\t\t\t\t<div class=\"elementor-element elementor-element-178021d0 elementor-widget elementor-widget-fairwaygreen_core_section_title\" data-id=\"178021d0\" data-element_type=\"widget\" data-widget_type=\"fairwaygreen_core_section_title.default\">\n\t\t\t\t<div class=\"elementor-widget-container\">\n\t\t\t<div class=\"qodef-shortcode qodef-m  qodef-section-title qodef-alignment--center \">\n\t\t<h2 class=\"qodef-m-title\" style=\"color: #D5A08B\">\n\t\t\t\t\tZweifeln Sie? Noch Fragen? Kl\u00e4rungen? Diese Seite ist f\u00fcr Sie!  \t\t\t<\/h2>\n\t\t<p class=\"qodef-m-text\" >Auf dieser Seite haben wir die wichtigsten Antworten auf die am h\u00e4ufigsten gestellten Fragen unserer gesch\u00e4tzten G\u00e4ste zusammengestellt.<\/p>\n<\/div>\n\t\t<\/div>\n\t\t\t\t<\/div>\n\t\t\t\t\t<\/div>\n\t\t<\/div>\n\t\t\t\t\t\t\t<\/div>\n\t\t<\/section>\n\t\t\t\t<section class=\"elementor-section elementor-top-section elementor-element elementor-element-5b87885a elementor-section-full_width qodef-elementor-content-grid elementor-section-height-default elementor-section-height-default\" data-id=\"5b87885a\" data-element_type=\"section\">\n\t\t\t\t\t\t<div class=\"elementor-container elementor-column-gap-default\">\n\t\t\t\t\t<div class=\"elementor-column elementor-col-50 elementor-top-column elementor-element elementor-element-61670a76\" data-id=\"61670a76\" data-element_type=\"column\">\n\t\t\t<div class=\"elementor-widget-wrap elementor-element-populated\">\n\t\t\t\t\t\t\t\t<div class=\"elementor-element elementor-element-3e9921cd elementor-widget elementor-widget-fairwaygreen_core_accordion\" data-id=\"3e9921cd\" data-element_type=\"widget\" data-widget_type=\"fairwaygreen_core_accordion.default\">\n\t\t\t\t<div class=\"elementor-widget-container\">\n\t\t\t<div class=\"qodef-shortcode qodef-m  qodef-accordion clear qodef-behavior--toggle qodef-layout--simple\">\n\t<h5 class=\"qodef-accordion-title\">\n\t<span class=\"qodef-tab-title\">Warum \u00fcber diese offizielle Website buchen? <\/span>\n\t<span class=\"qodef-accordion-mark\">\n\t\t<span class=\"qodef-line--vertical\"><\/span>\n\t\t<span class=\"qodef-line--horizontal\"><\/span>\n\t<\/span>\n<\/h5>\n<div class=\"qodef-accordion-content\">\n\t<div class=\"qodef-accordion-content-inner\">\n\t\t<p>Warum ist es besser, \u00fcber diese offizielle Website zu buchen, als \u00fcber ein anderes Online-Portal wie Booking oder Expedia? Denn auf dieser offiziellen Website haben Sie Zugang zu den besten Tarifen im Netz. <br \/>Die Buchung ist immer einfach und absolut sicher. Sie haben direkten Kontakt zu unseren Mitarbeitern und es entstehen Ihnen keine zus\u00e4tzlichen Kosten. Sie erhalten au\u00dferdem die folgenden exklusiven Vorteile: <br \/>\u25cf Bestpreis-Garantie <br \/>\u25cf Besondere Angebote <br \/>\u25cf Beste Stornierungsbedingungen <br \/>\u25cf Sp\u00e4ter Check-out auf Anfrage<\/p>\t<\/div>\n<\/div>\n<h5 class=\"qodef-accordion-title\">\n\t<span class=\"qodef-tab-title\">Welche Zahlungsmethoden sind zu buchen?<\/span>\n\t<span class=\"qodef-accordion-mark\">\n\t\t<span class=\"qodef-line--vertical\"><\/span>\n\t\t<span class=\"qodef-line--horizontal\"><\/span>\n\t<\/span>\n<\/h5>\n<div class=\"qodef-accordion-content\">\n\t<div class=\"qodef-accordion-content-inner\">\n\t\t<p>Es ist m\u00f6glich, entweder per Kreditkarte als Garantie f\u00fcr den Gesamtbetrag des Aufenthalts zu zahlen (es wird nichts abgebucht, aber wie bereits erw\u00e4hnt, wird die Karte nur als Zahlungsgarantie angefordert) oder per Bank\u00fcberweisung.<\/p>\t<\/div>\n<\/div>\n<h5 class=\"qodef-accordion-title\">\n\t<span class=\"qodef-tab-title\">Welche Leistungen sind in den Aufenthaltskosten enthalten?<\/span>\n\t<span class=\"qodef-accordion-mark\">\n\t\t<span class=\"qodef-line--vertical\"><\/span>\n\t\t<span class=\"qodef-line--horizontal\"><\/span>\n\t<\/span>\n<\/h5>\n<div class=\"qodef-accordion-content\">\n\t<div class=\"qodef-accordion-content-inner\">\n\t\t<p>Schallisolierte Zimmer und kostenloses WLAN in allen Bereichen<br \/>Smart-LED-TV im Zimmer<br \/>Handtuchw\u00e4rmer<br \/>Kostenlose Badezimmerprodukte<br \/>T\u00e4gliche Zimmerreinigung (au\u00dfer sonntags)<br \/>W\u00e4schewechsel (wird alle 3 Tage oder sogar auf Anfrage durchgef\u00fchrt)<br \/>Zeitungen und B\u00fccher zur Beratung im offenen Dachbodenbereich<br \/>Zeitungen und B\u00fccher zur Beratung im offenen Dachbodenbereich<\/p>\t<\/div>\n<\/div>\n<h5 class=\"qodef-accordion-title\">\n\t<span class=\"qodef-tab-title\">Was sind die Stornierungsbedingungen?<\/span>\n\t<span class=\"qodef-accordion-mark\">\n\t\t<span class=\"qodef-line--vertical\"><\/span>\n\t\t<span class=\"qodef-line--horizontal\"><\/span>\n\t<\/span>\n<\/h5>\n<div class=\"qodef-accordion-content\">\n\t<div class=\"qodef-accordion-content-inner\">\n\t\t<p>Sie k\u00f6nnen Ihre Reservierung bis zu 14 Tage vor dem Check-in-Datum sicher stornieren. Nach Ablauf dieser Frist werden Ihnen die Kosten f\u00fcr den gesamten Aufenthalt in Rechnung gestellt.<\/p>\t<\/div>\n<\/div>\n<h5 class=\"qodef-accordion-title\">\n\t<span class=\"qodef-tab-title\">Ist es m\u00f6glich, selbst einzuchecken?<\/span>\n\t<span class=\"qodef-accordion-mark\">\n\t\t<span class=\"qodef-line--vertical\"><\/span>\n\t\t<span class=\"qodef-line--horizontal\"><\/span>\n\t<\/span>\n<\/h5>\n<div class=\"qodef-accordion-content\">\n\t<div class=\"qodef-accordion-content-inner\">\n\t\t<p>Ja, unsere Zimmer sind mit einem Self-Check-in-System ausgestattet und k\u00f6nnen nach \u00dcbermittlung der Ausweisdokumente, der Steuernummer und der Wohnadresse jedes Gastes und der WhatsApp-Referenznummer zur \u00dcbermittlung und \u00dcbermittlung der Zugangscodes an die Struktur angefordert werden.<\/p>\t<\/div>\n<\/div>\n<h5 class=\"qodef-accordion-title\">\n\t<span class=\"qodef-tab-title\">Wann ist der Check-in? Und wann ist der Check-out?<\/span>\n\t<span class=\"qodef-accordion-mark\">\n\t\t<span class=\"qodef-line--vertical\"><\/span>\n\t\t<span class=\"qodef-line--horizontal\"><\/span>\n\t<\/span>\n<\/h5>\n<div class=\"qodef-accordion-content\">\n\t<div class=\"qodef-accordion-content-inner\">\n\t\t<p>Der Check-in ist von 14:00 bis 19:00 Uhr m\u00f6glich. Ank\u00fcnfte nach dieser Zeit m\u00fcssen zum Zeitpunkt der Buchung mit der Rezeption vereinbart werden. Es ist auch nach der Check-in-Zeit m\u00f6glich, den Self-Check-in durchzuf\u00fchren, jedoch kann telefonische Unterst\u00fctzung nicht garantiert werden.<\/p><p>Der Check-out muss am Abreisetag bis 10.00 Uhr erfolgen.<br \/>Nach Absprache mit der Rezeption ist es m\u00f6glich, die Gep\u00e4ckaufbewahrung zu nutzen<\/p>\t<\/div>\n<\/div>\n<h5 class=\"qodef-accordion-title\">\n\t<span class=\"qodef-tab-title\">Sind in den Preisen alle Steuern enthalten?  <\/span>\n\t<span class=\"qodef-accordion-mark\">\n\t\t<span class=\"qodef-line--vertical\"><\/span>\n\t\t<span class=\"qodef-line--horizontal\"><\/span>\n\t<\/span>\n<\/h5>\n<div class=\"qodef-accordion-content\">\n\t<div class=\"qodef-accordion-content-inner\">\n\t\t<p>Nein, die an die Stadt Rom zu zahlende Kurtaxe ist nicht enthalten. Die Steuer betr\u00e4gt 3,50 Euro pro Person und Tag, ausgenommen Kinder unter 10 Jahren. Die Steuer muss bei der Ankunft in bar bezahlt werden.<\/p>\t<\/div>\n<\/div>\n<h5 class=\"qodef-accordion-title\">\n\t<span class=\"qodef-tab-title\">Haben Sie Wi-Fi?  <\/span>\n\t<span class=\"qodef-accordion-mark\">\n\t\t<span class=\"qodef-line--vertical\"><\/span>\n\t\t<span class=\"qodef-line--horizontal\"><\/span>\n\t<\/span>\n<\/h5>\n<div class=\"qodef-accordion-content\">\n\t<div class=\"qodef-accordion-content-inner\">\n\t\t<p>Ja, wir haben im gesamten Hotel kostenlosen drahtlosen Internetzugang.<\/p>\t<\/div>\n<\/div>\n<h5 class=\"qodef-accordion-title\">\n\t<span class=\"qodef-tab-title\">Ist die Rezeption 24 Stunden am Tag ge\u00f6ffnet?<\/span>\n\t<span class=\"qodef-accordion-mark\">\n\t\t<span class=\"qodef-line--vertical\"><\/span>\n\t\t<span class=\"qodef-line--horizontal\"><\/span>\n\t<\/span>\n<\/h5>\n<div class=\"qodef-accordion-content\">\n\t<div class=\"qodef-accordion-content-inner\">\n\t\t<p>Wir sind 24 Stunden am Tag f\u00fcr jeden Bedarf erreichbar.<\/p>\t<\/div>\n<\/div>\n<h5 class=\"qodef-accordion-title\">\n\t<span class=\"qodef-tab-title\">Welche Sprachen werden an der Rezeption gesprochen?  <\/span>\n\t<span class=\"qodef-accordion-mark\">\n\t\t<span class=\"qodef-line--vertical\"><\/span>\n\t\t<span class=\"qodef-line--horizontal\"><\/span>\n\t<\/span>\n<\/h5>\n<div class=\"qodef-accordion-content\">\n\t<div class=\"qodef-accordion-content-inner\">\n\t\t<p>Alienisch und Englisch f\u00fcr alle Mitarbeiter.<\/p>\t<\/div>\n<\/div>\n<h5 class=\"qodef-accordion-title\">\n\t<span class=\"qodef-tab-title\">In welchem Stockwerk befindet sich Bea&#039;s Guest House?<\/span>\n\t<span class=\"qodef-accordion-mark\">\n\t\t<span class=\"qodef-line--vertical\"><\/span>\n\t\t<span class=\"qodef-line--horizontal\"><\/span>\n\t<\/span>\n<\/h5>\n<div class=\"qodef-accordion-content\">\n\t<div class=\"qodef-accordion-content-inner\">\n\t\t<p>Wir befinden uns in einer ruhigen Privatstra\u00dfe im Erdgeschoss eines eleganten Geb\u00e4udes mit Concierge in der Via Forcella, 1.<\/p>\t<\/div>\n<\/div>\n<h5 class=\"qodef-accordion-title\">\n\t<span class=\"qodef-tab-title\">Sind haustiere erlaubt?<\/span>\n\t<span class=\"qodef-accordion-mark\">\n\t\t<span class=\"qodef-line--vertical\"><\/span>\n\t\t<span class=\"qodef-line--horizontal\"><\/span>\n\t<\/span>\n<\/h5>\n<div class=\"qodef-accordion-content\">\n\t<div class=\"qodef-accordion-content-inner\">\n\t\t<p>Es tut mir leid, aber sie sind nicht erlaubt.<\/p>\t<\/div>\n<\/div>\n<h5 class=\"qodef-accordion-title\">\n\t<span class=\"qodef-tab-title\">Verf\u00fcgt das Geb\u00e4ude \u00fcber einen Parkplatz?<\/span>\n\t<span class=\"qodef-accordion-mark\">\n\t\t<span class=\"qodef-line--vertical\"><\/span>\n\t\t<span class=\"qodef-line--horizontal\"><\/span>\n\t<\/span>\n<\/h5>\n<div class=\"qodef-accordion-content\">\n\t<div class=\"qodef-accordion-content-inner\">\n\t\t<p>Nein, die Struktur verf\u00fcgt \u00fcber keinen privaten Parkplatz, aber es ist m\u00f6glich, einen Parkplatz auf einem nicht angeschlossenen bewachten Parkplatz in der Viale XXI Aprile, 160 Meter von der Struktur entfernt, zu reservieren.<\/p>\t<\/div>\n<\/div>\n<\/div>\n\t\t<\/div>\n\t\t\t\t<\/div>\n\t\t\t\t\t<\/div>\n\t\t<\/div>\n\t\t\t\t<div class=\"elementor-column elementor-col-50 elementor-top-column elementor-element elementor-element-2a033fae\" data-id=\"2a033fae\" data-element_type=\"column\">\n\t\t\t<div class=\"elementor-widget-wrap elementor-element-populated\">\n\t\t\t\t\t\t\t\t<div class=\"elementor-element elementor-element-4e7e67b3 elementor-widget elementor-widget-fairwaygreen_core_single_image\" data-id=\"4e7e67b3\" data-element_type=\"widget\" data-widget_type=\"fairwaygreen_core_single_image.default\">\n\t\t\t\t<div class=\"elementor-widget-container\">\n\t\t\t<div class=\"qodef-shortcode qodef-m  qodef-single-image qodef-layout--default \">\n\t<div class=\"qodef-m-image\">\n\t\t\t<img decoding=\"async\" width=\"1267\" height=\"1900\" src=\"https:\/\/www.beasguesthouse.com\/wp-content\/uploads\/2022\/04\/88A8731-min-1.jpg\" class=\"attachment-full size-full\" alt=\"\" srcset=\"https:\/\/www.beasguesthouse.com\/wp-content\/uploads\/2022\/04\/88A8731-min-1.jpg 1267w, https:\/\/www.beasguesthouse.com\/wp-content\/uploads\/2022\/04\/88A8731-min-1-200x300.jpg 200w, https:\/\/www.beasguesthouse.com\/wp-content\/uploads\/2022\/04\/88A8731-min-1-683x1024.jpg 683w, https:\/\/www.beasguesthouse.com\/wp-content\/uploads\/2022\/04\/88A8731-min-1-768x1152.jpg 768w, https:\/\/www.beasguesthouse.com\/wp-content\/uploads\/2022\/04\/88A8731-min-1-1024x1536.jpg 1024w, https:\/\/www.beasguesthouse.com\/wp-content\/uploads\/2022\/04\/88A8731-min-1-600x900.jpg 600w\" sizes=\"(max-width: 1267px) 100vw, 1267px\" \/>\t<\/div>\n<\/div>\n\t\t<\/div>\n\t\t\t\t<\/div>\n\t\t\t\t\t<\/div>\n\t\t<\/div>\n\t\t\t\t\t\t\t<\/div>\n\t\t<\/section>\n\t\t\t\t\t\t\t<\/div>\n\t\t","protected":false},"excerpt":{"rendered":"<p>Zweifeln Sie? Noch Fragen? Kl\u00e4rungen? Diese Seite ist f\u00fcr Sie! Auf dieser Seite haben wir die wichtigsten Antworten auf die am h\u00e4ufigsten gestellten Fragen unserer gesch\u00e4tzten G\u00e4ste zusammengestellt. Warum \u00fcber diese offizielle Website buchen? Warum ist es besser, \u00fcber diese offizielle Website zu buchen, als \u00fcber ein anderes Online-Portal wie Booking oder Expedia? Denn auf [&hellip;]<\/p>\n","protected":false},"author":1,"featured_media":0,"parent":0,"menu_order":0,"comment_status":"closed","ping_status":"closed","template":"","meta":{"footnotes":""},"class_list":["post-8478","page","type-page","status-publish","hentry"],"yoast_head":"<!-- This site is optimized with the Yoast SEO plugin v19.9 - https:\/\/yoast.com\/wordpress\/plugins\/seo\/ -->\n<title>Die Seite des f.a.q. von Bea&#039;s Guest House in Rom Nomentano<\/title>\n<meta name=\"description\" content=\"Wir haben auf dieser Seite alle wichtigen Antworten auf die am h\u00e4ufigsten gestellten Fragen gesammelt, die von unseren gesch\u00e4tzten G\u00e4sten gestellt werden.\" \/>\n<meta name=\"robots\" content=\"index, follow, max-snippet:-1, max-image-preview:large, max-video-preview:-1\" \/>\n<link rel=\"canonical\" href=\"https:\/\/www.beasguesthouse.com\/en\/faq\/\" \/>\n<meta property=\"og:locale\" content=\"de_DE\" \/>\n<meta property=\"og:type\" content=\"article\" \/>\n<meta property=\"og:title\" content=\"Die Seite des f.a.q. von Bea&#039;s Guest House in Rom Nomentano\" \/>\n<meta property=\"og:description\" content=\"Wir haben auf dieser Seite alle wichtigen Antworten auf die am h\u00e4ufigsten gestellten Fragen gesammelt, die von unseren gesch\u00e4tzten G\u00e4sten gestellt werden.\" \/>\n<meta property=\"og:url\" content=\"https:\/\/www.beasguesthouse.com\/en\/faq\/\" \/>\n<meta property=\"og:site_name\" content=\"Bea&#039;s Guest House\" \/>\n<meta property=\"article:publisher\" content=\"https:\/\/www.facebook.com\/BeasGuesthouse\" \/>\n<meta property=\"article:modified_time\" content=\"2023-05-03T11:45:25+00:00\" \/>\n<meta property=\"og:image\" content=\"https:\/\/www.beasguesthouse.com\/wp-content\/uploads\/2022\/04\/88A8731-min-1.jpg\" \/>\n<meta name=\"twitter:card\" content=\"summary_large_image\" \/>\n<meta name=\"twitter:label1\" content=\"Gesch\u00e4tzte Lesezeit\" \/>\n\t<meta name=\"twitter:data1\" content=\"3\u00a0Minuten\" \/>\n<script type=\"application\/ld+json\" class=\"yoast-schema-graph\">{\"@context\":\"https:\/\/schema.org\",\"@graph\":[{\"@type\":\"WebPage\",\"@id\":\"https:\/\/www.beasguesthouse.com\/en\/faq\/\",\"url\":\"https:\/\/www.beasguesthouse.com\/en\/faq\/\",\"name\":\"Die Seite des f.a.q. von Bea's Guest House in Rom Nomentano\",\"isPartOf\":{\"@id\":\"https:\/\/www.beasguesthouse.com\/#website\"},\"datePublished\":\"2021-03-19T14:08:00+00:00\",\"dateModified\":\"2023-05-03T11:45:25+00:00\",\"description\":\"Wir haben auf dieser Seite alle wichtigen Antworten auf die am h\u00e4ufigsten gestellten Fragen gesammelt, die von unseren gesch\u00e4tzten G\u00e4sten gestellt werden.\",\"breadcrumb\":{\"@id\":\"https:\/\/www.beasguesthouse.com\/en\/faq\/#breadcrumb\"},\"inLanguage\":\"de\",\"potentialAction\":[{\"@type\":\"ReadAction\",\"target\":[\"https:\/\/www.beasguesthouse.com\/en\/faq\/\"]}]},{\"@type\":\"BreadcrumbList\",\"@id\":\"https:\/\/www.beasguesthouse.com\/en\/faq\/#breadcrumb\",\"itemListElement\":[{\"@type\":\"ListItem\",\"position\":1,\"name\":\"Home\",\"item\":\"https:\/\/www.beasguesthouse.com\/\"},{\"@type\":\"ListItem\",\"position\":2,\"name\":\"FAQ\"}]},{\"@type\":\"WebSite\",\"@id\":\"https:\/\/www.beasguesthouse.com\/#website\",\"url\":\"https:\/\/www.beasguesthouse.com\/\",\"name\":\"Bea&#039;s Guest House\",\"description\":\"Bea&#039;s Guest House B&amp;B a Piazza Bologna Roma\",\"publisher\":{\"@id\":\"https:\/\/www.beasguesthouse.com\/#organization\"},\"potentialAction\":[{\"@type\":\"SearchAction\",\"target\":{\"@type\":\"EntryPoint\",\"urlTemplate\":\"https:\/\/www.beasguesthouse.com\/?s={search_term_string}\"},\"query-input\":\"required name=search_term_string\"}],\"inLanguage\":\"de\"},{\"@type\":\"Organization\",\"@id\":\"https:\/\/www.beasguesthouse.com\/#organization\",\"name\":\"Bea's Guest House\",\"url\":\"https:\/\/www.beasguesthouse.com\/\",\"logo\":{\"@type\":\"ImageObject\",\"inLanguage\":\"de\",\"@id\":\"https:\/\/www.beasguesthouse.com\/#\/schema\/logo\/image\/\",\"url\":\"https:\/\/www.beasguesthouse.com\/wp-content\/uploads\/2022\/03\/logo-beas-sito.png\",\"contentUrl\":\"https:\/\/www.beasguesthouse.com\/wp-content\/uploads\/2022\/03\/logo-beas-sito.png\",\"width\":401,\"height\":587,\"caption\":\"Bea's Guest House\"},\"image\":{\"@id\":\"https:\/\/www.beasguesthouse.com\/#\/schema\/logo\/image\/\"},\"sameAs\":[\"https:\/\/www.instagram.com\/beasguesthouse\/\",\"https:\/\/www.facebook.com\/BeasGuesthouse\"]}]}<\/script>\n<!-- \/ Yoast SEO plugin. -->","yoast_head_json":{"title":"Die Seite des f.a.q. von Bea's Guest House in Rom Nomentano","description":"Wir haben auf dieser Seite alle wichtigen Antworten auf die am h\u00e4ufigsten gestellten Fragen gesammelt, die von unseren gesch\u00e4tzten G\u00e4sten gestellt werden.","robots":{"index":"index","follow":"follow","max-snippet":"max-snippet:-1","max-image-preview":"max-image-preview:large","max-video-preview":"max-video-preview:-1"},"canonical":"https:\/\/www.beasguesthouse.com\/en\/faq\/","og_locale":"de_DE","og_type":"article","og_title":"Die Seite des f.a.q. von Bea's Guest House in Rom Nomentano","og_description":"Wir haben auf dieser Seite alle wichtigen Antworten auf die am h\u00e4ufigsten gestellten Fragen gesammelt, die von unseren gesch\u00e4tzten G\u00e4sten gestellt werden.","og_url":"https:\/\/www.beasguesthouse.com\/en\/faq\/","og_site_name":"Bea&#039;s Guest House","article_publisher":"https:\/\/www.facebook.com\/BeasGuesthouse","article_modified_time":"2023-05-03T11:45:25+00:00","og_image":[{"url":"https:\/\/www.beasguesthouse.com\/wp-content\/uploads\/2022\/04\/88A8731-min-1.jpg"}],"twitter_card":"summary_large_image","twitter_misc":{"Gesch\u00e4tzte Lesezeit":"3\u00a0Minuten"},"schema":{"@context":"https:\/\/schema.org","@graph":[{"@type":"WebPage","@id":"https:\/\/www.beasguesthouse.com\/en\/faq\/","url":"https:\/\/www.beasguesthouse.com\/en\/faq\/","name":"Die Seite des f.a.q. von Bea's Guest House in Rom Nomentano","isPartOf":{"@id":"https:\/\/www.beasguesthouse.com\/#website"},"datePublished":"2021-03-19T14:08:00+00:00","dateModified":"2023-05-03T11:45:25+00:00","description":"Wir haben auf dieser Seite alle wichtigen Antworten auf die am h\u00e4ufigsten gestellten Fragen gesammelt, die von unseren gesch\u00e4tzten G\u00e4sten gestellt werden.","breadcrumb":{"@id":"https:\/\/www.beasguesthouse.com\/en\/faq\/#breadcrumb"},"inLanguage":"de","potentialAction":[{"@type":"ReadAction","target":["https:\/\/www.beasguesthouse.com\/en\/faq\/"]}]},{"@type":"BreadcrumbList","@id":"https:\/\/www.beasguesthouse.com\/en\/faq\/#breadcrumb","itemListElement":[{"@type":"ListItem","position":1,"name":"Home","item":"https:\/\/www.beasguesthouse.com\/"},{"@type":"ListItem","position":2,"name":"FAQ"}]},{"@type":"WebSite","@id":"https:\/\/www.beasguesthouse.com\/#website","url":"https:\/\/www.beasguesthouse.com\/","name":"Bea&#039;s Guest House","description":"Bea&#039;s Guest House B&amp;B a Piazza Bologna Roma","publisher":{"@id":"https:\/\/www.beasguesthouse.com\/#organization"},"potentialAction":[{"@type":"SearchAction","target":{"@type":"EntryPoint","urlTemplate":"https:\/\/www.beasguesthouse.com\/?s={search_term_string}"},"query-input":"required name=search_term_string"}],"inLanguage":"de"},{"@type":"Organization","@id":"https:\/\/www.beasguesthouse.com\/#organization","name":"Bea's Guest House","url":"https:\/\/www.beasguesthouse.com\/","logo":{"@type":"ImageObject","inLanguage":"de","@id":"https:\/\/www.beasguesthouse.com\/#\/schema\/logo\/image\/","url":"https:\/\/www.beasguesthouse.com\/wp-content\/uploads\/2022\/03\/logo-beas-sito.png","contentUrl":"https:\/\/www.beasguesthouse.com\/wp-content\/uploads\/2022\/03\/logo-beas-sito.png","width":401,"height":587,"caption":"Bea's Guest House"},"image":{"@id":"https:\/\/www.beasguesthouse.com\/#\/schema\/logo\/image\/"},"sameAs":["https:\/\/www.instagram.com\/beasguesthouse\/","https:\/\/www.facebook.com\/BeasGuesthouse"]}]}},"_links":{"self":[{"href":"https:\/\/www.beasguesthouse.com\/de\/wp-json\/wp\/v2\/pages\/8478","targetHints":{"allow":["GET"]}}],"collection":[{"href":"https:\/\/www.beasguesthouse.com\/de\/wp-json\/wp\/v2\/pages"}],"about":[{"href":"https:\/\/www.beasguesthouse.com\/de\/wp-json\/wp\/v2\/types\/page"}],"author":[{"embeddable":true,"href":"https:\/\/www.beasguesthouse.com\/de\/wp-json\/wp\/v2\/users\/1"}],"replies":[{"embeddable":true,"href":"https:\/\/www.beasguesthouse.com\/de\/wp-json\/wp\/v2\/comments?post=8478"}],"version-history":[{"count":20,"href":"https:\/\/www.beasguesthouse.com\/de\/wp-json\/wp\/v2\/pages\/8478\/revisions"}],"predecessor-version":[{"id":9515,"href":"https:\/\/www.beasguesthouse.com\/de\/wp-json\/wp\/v2\/pages\/8478\/revisions\/9515"}],"wp:attachment":[{"href":"https:\/\/www.beasguesthouse.com\/de\/wp-json\/wp\/v2\/media?parent=8478"}],"curies":[{"name":"wp","href":"https:\/\/api.w.org\/{rel}","templated":true}]}}