{"id":8300,"date":"2021-03-19T14:08:00","date_gmt":"2021-03-19T14:08:00","guid":{"rendered":"https:\/\/www.beasguesthouse.com\/faq\/"},"modified":"2023-05-03T11:40:39","modified_gmt":"2023-05-03T11:40:39","slug":"faq","status":"publish","type":"page","link":"https:\/\/www.beasguesthouse.com\/es\/faq\/","title":{"rendered":"FAQ"},"content":{"rendered":"\t\t<div data-elementor-type=\"wp-page\" data-elementor-id=\"8300\" class=\"elementor elementor-8300 elementor-2252\">\n\t\t\t\t\t\t\t\t\t<section class=\"elementor-section elementor-top-section elementor-element elementor-element-64b670e0 elementor-section-full_width elementor-section-stretched qodef-elementor-content-grid elementor-section-height-default elementor-section-height-default\" data-id=\"64b670e0\" data-element_type=\"section\" data-settings=\"{&quot;stretch_section&quot;:&quot;section-stretched&quot;,&quot;background_background&quot;:&quot;classic&quot;}\">\n\t\t\t\t\t\t<div class=\"elementor-container elementor-column-gap-default\">\n\t\t\t\t\t<div class=\"elementor-column elementor-col-100 elementor-top-column elementor-element elementor-element-c1639d3\" data-id=\"c1639d3\" data-element_type=\"column\">\n\t\t\t<div class=\"elementor-widget-wrap elementor-element-populated\">\n\t\t\t\t\t\t\t\t<div class=\"elementor-element elementor-element-59d0c254 elementor-widget elementor-widget-fairwaygreen_core_separator\" data-id=\"59d0c254\" data-element_type=\"widget\" data-widget_type=\"fairwaygreen_core_separator.default\">\n\t\t\t\t<div class=\"elementor-widget-container\">\n\t\t\t<div class=\"qodef-shortcode qodef-m  qodef-separator clear qodef-position--center\">\n\t<div class=\"qodef-m-line\" style=\"border-color: #A68F5B5C;border-style: solid;width: 1px;border-bottom-width: 130px\"><\/div>\n<\/div>\n\t\t<\/div>\n\t\t\t\t<\/div>\n\t\t\t\t<div class=\"elementor-element elementor-element-178021d0 elementor-widget elementor-widget-fairwaygreen_core_section_title\" data-id=\"178021d0\" data-element_type=\"widget\" data-widget_type=\"fairwaygreen_core_section_title.default\">\n\t\t\t\t<div class=\"elementor-widget-container\">\n\t\t\t<div class=\"qodef-shortcode qodef-m  qodef-section-title qodef-alignment--center \">\n\t\t<h2 class=\"qodef-m-title\" style=\"color: #D5A08B\">\n\t\t\t\t\t\u00bfDudas? \u00bfPreguntas? \u00bfAclaraciones? Esta p\u00e1gina es para usted!  \t\t\t<\/h2>\n\t\t<p class=\"qodef-m-text\" >Hemos reunido en esta p\u00e1gina las principales respuestas a las preguntas m\u00e1s frecuentes de nuestros apreciados hu\u00e9spedes. <\/p>\n<\/div>\n\t\t<\/div>\n\t\t\t\t<\/div>\n\t\t\t\t\t<\/div>\n\t\t<\/div>\n\t\t\t\t\t\t\t<\/div>\n\t\t<\/section>\n\t\t\t\t<section class=\"elementor-section elementor-top-section elementor-element elementor-element-5b87885a elementor-section-full_width qodef-elementor-content-grid elementor-section-height-default elementor-section-height-default\" data-id=\"5b87885a\" data-element_type=\"section\">\n\t\t\t\t\t\t<div class=\"elementor-container elementor-column-gap-default\">\n\t\t\t\t\t<div class=\"elementor-column elementor-col-50 elementor-top-column elementor-element elementor-element-61670a76\" data-id=\"61670a76\" data-element_type=\"column\">\n\t\t\t<div class=\"elementor-widget-wrap elementor-element-populated\">\n\t\t\t\t\t\t\t\t<div class=\"elementor-element elementor-element-3e9921cd elementor-widget elementor-widget-fairwaygreen_core_accordion\" data-id=\"3e9921cd\" data-element_type=\"widget\" data-widget_type=\"fairwaygreen_core_accordion.default\">\n\t\t\t\t<div class=\"elementor-widget-container\">\n\t\t\t<div class=\"qodef-shortcode qodef-m  qodef-accordion clear qodef-behavior--toggle qodef-layout--simple\">\n\t<h5 class=\"qodef-accordion-title\">\n\t<span class=\"qodef-tab-title\"> \u00bfPor qu\u00e9 reservar desde esta web oficial? <\/span>\n\t<span class=\"qodef-accordion-mark\">\n\t\t<span class=\"qodef-line--vertical\"><\/span>\n\t\t<span class=\"qodef-line--horizontal\"><\/span>\n\t<\/span>\n<\/h5>\n<div class=\"qodef-accordion-content\">\n\t<div class=\"qodef-accordion-content-inner\">\n\t\t<p>\u00bfPor qu\u00e9 es mejor reservar desde este sitio web oficial que desde otro portal online, como Booking o Expedia? Porque en este sitio oficial: tendr\u00e1 acceso a las mejores tarifas de la web.<\/p><p>Reservar es siempre f\u00e1cil y completamente seguro. Disfrutar\u00e1 del contacto directo con nuestro personal y no tendr\u00e1 gastos adicionales. Tambi\u00e9n recibir\u00e1 las siguientes ventajas exclusivas:<\/p><ul><li>Mejor precio garantizado<\/li><li>Ofertas especiales<\/li><li>La mejor pol\u00edtica de cancelaci\u00f3n<\/li><li>Salida tard\u00eda bajo petici\u00f3n<\/li><\/ul>\t<\/div>\n<\/div>\n<h5 class=\"qodef-accordion-title\">\n\t<span class=\"qodef-tab-title\">\u00bfCu\u00e1les son los m\u00e9todos de pago para reservar?<\/span>\n\t<span class=\"qodef-accordion-mark\">\n\t\t<span class=\"qodef-line--vertical\"><\/span>\n\t\t<span class=\"qodef-line--horizontal\"><\/span>\n\t<\/span>\n<\/h5>\n<div class=\"qodef-accordion-content\">\n\t<div class=\"qodef-accordion-content-inner\">\n\t\t<p>Es posible pagar con tarjeta de cr\u00e9dito como garant\u00eda por el importe total de la estancia (no se retira nada pero, como ya se ha especificado, la tarjeta se solicita solo como garant\u00eda de pago) o mediante transferencia bancaria.<\/p>\t<\/div>\n<\/div>\n<h5 class=\"qodef-accordion-title\">\n\t<span class=\"qodef-tab-title\">\u00bfCu\u00e1les son los servicios incluidos en el costo de la estad\u00eda?<\/span>\n\t<span class=\"qodef-accordion-mark\">\n\t\t<span class=\"qodef-line--vertical\"><\/span>\n\t\t<span class=\"qodef-line--horizontal\"><\/span>\n\t<\/span>\n<\/h5>\n<div class=\"qodef-accordion-content\">\n\t<div class=\"qodef-accordion-content-inner\">\n\t\t<p>Habitaciones insonorizadas y wifi gratis en todas las \u00e1reas<br \/>TV LED inteligente en la habitaci\u00f3n<br \/>calentador de toallas<br \/>Productos de ba\u00f1o de cortes\u00eda<br \/>Limpieza diaria de habitaciones (excepto domingos)<br \/>Cambio de s\u00e1banas (se realiza cada 3 d\u00edas o incluso bajo petici\u00f3n)<br \/>Peri\u00f3dicos y libros para consultar en el altillo abierto<br \/>Peri\u00f3dicos y libros para consultar en el altillo abierto<\/p>\t<\/div>\n<\/div>\n<h5 class=\"qodef-accordion-title\">\n\t<span class=\"qodef-tab-title\">\u00bfCu\u00e1les son los t\u00e9rminos de cancelaci\u00f3n?<\/span>\n\t<span class=\"qodef-accordion-mark\">\n\t\t<span class=\"qodef-line--vertical\"><\/span>\n\t\t<span class=\"qodef-line--horizontal\"><\/span>\n\t<\/span>\n<\/h5>\n<div class=\"qodef-accordion-content\">\n\t<div class=\"qodef-accordion-content-inner\">\n\t\t<p>Puede cancelar su reserva de forma segura hasta 14 d\u00edas antes de la fecha de entrada. Despu\u00e9s de este plazo, se le cobrar\u00e1 el costo de toda la estad\u00eda.<\/p>\t<\/div>\n<\/div>\n<h5 class=\"qodef-accordion-title\">\n\t<span class=\"qodef-tab-title\">\u00bfEs posible hacer el registro de entrada autom\u00e1tico?<\/span>\n\t<span class=\"qodef-accordion-mark\">\n\t\t<span class=\"qodef-line--vertical\"><\/span>\n\t\t<span class=\"qodef-line--horizontal\"><\/span>\n\t<\/span>\n<\/h5>\n<div class=\"qodef-accordion-content\">\n\t<div class=\"qodef-accordion-content-inner\">\n\t\t<p>S\u00ed, nuestras habitaciones est\u00e1n equipadas con un sistema de auto check-in y se puede solicitar previa transmisi\u00f3n de documentos de identidad, c\u00f3digo fiscal y direcci\u00f3n de residencia de cada hu\u00e9sped y n\u00famero de referencia de whatsapp para transmitir y comunicar los c\u00f3digos de acceso a la estructura).<\/p>\t<\/div>\n<\/div>\n<h5 class=\"qodef-accordion-title\">\n\t<span class=\"qodef-tab-title\">\u00bflos precios incluyen todos los impuestos?  <\/span>\n\t<span class=\"qodef-accordion-mark\">\n\t\t<span class=\"qodef-line--vertical\"><\/span>\n\t\t<span class=\"qodef-line--horizontal\"><\/span>\n\t<\/span>\n<\/h5>\n<div class=\"qodef-accordion-content\">\n\t<div class=\"qodef-accordion-content-inner\">\n\t\t<p>No, no se incluye el impuesto municipal que se debe pagar al Ayuntamiento de Roma. La tasa es de 3,50 euros por persona y d\u00eda, excluyendo a los ni\u00f1os menores de 10 a\u00f1os. El impuesto debe pagarse en efectivo a la llegada. \u00a0<\/p>\t<\/div>\n<\/div>\n<h5 class=\"qodef-accordion-title\">\n\t<span class=\"qodef-tab-title\">\u00bfTienes Wi-Fi?  <\/span>\n\t<span class=\"qodef-accordion-mark\">\n\t\t<span class=\"qodef-line--vertical\"><\/span>\n\t\t<span class=\"qodef-line--horizontal\"><\/span>\n\t<\/span>\n<\/h5>\n<div class=\"qodef-accordion-content\">\n\t<div class=\"qodef-accordion-content-inner\">\n\t\t<p>S\u00ed, tenemos acceso inal\u00e1mbrico a Internet gratuito en toda la estructura.<\/p>\t<\/div>\n<\/div>\n<h5 class=\"qodef-accordion-title\">\n\t<span class=\"qodef-tab-title\">\u00bfA qu\u00e9 hora se hace el check-in? \u00bfY a qu\u00e9 hora es la salida?  <\/span>\n\t<span class=\"qodef-accordion-mark\">\n\t\t<span class=\"qodef-line--vertical\"><\/span>\n\t\t<span class=\"qodef-line--horizontal\"><\/span>\n\t<\/span>\n<\/h5>\n<div class=\"qodef-accordion-content\">\n\t<div class=\"qodef-accordion-content-inner\">\n\t\t<p>El registro de entrada se puede realizar de 14:00 a 19:00. Las llegadas despu\u00e9s de esta hora deben ser acordadas con la recepci\u00f3n en el momento de la reserva. Tambi\u00e9n es posible, incluso despu\u00e9s de la hora de check-in, realizar el auto check-in, sin embargo, no se garantizar\u00e1 la asistencia telef\u00f3nica.<\/p><p>El check-out debe realizarse antes de las 10.00 horas del d\u00eda de salida.<br \/>Previo acuerdo con la recepci\u00f3n, es posible utilizar el servicio de consigna de equipaje.<\/p>\t<\/div>\n<\/div>\n<h5 class=\"qodef-accordion-title\">\n\t<span class=\"qodef-tab-title\">\u00bfLa recepci\u00f3n est\u00e1 abierta las 24 horas del d\u00eda? <\/span>\n\t<span class=\"qodef-accordion-mark\">\n\t\t<span class=\"qodef-line--vertical\"><\/span>\n\t\t<span class=\"qodef-line--horizontal\"><\/span>\n\t<\/span>\n<\/h5>\n<div class=\"qodef-accordion-content\">\n\t<div class=\"qodef-accordion-content-inner\">\n\t\t<p>Estamos siempre disponibles las 24 horas del d\u00eda para cualquier necesidad. \u00a0<\/p>\t<\/div>\n<\/div>\n<h5 class=\"qodef-accordion-title\">\n\t<span class=\"qodef-tab-title\">\u00bfQu\u00e9 idiomas se hablan en la recepci\u00f3n? <\/span>\n\t<span class=\"qodef-accordion-mark\">\n\t\t<span class=\"qodef-line--vertical\"><\/span>\n\t\t<span class=\"qodef-line--horizontal\"><\/span>\n\t<\/span>\n<\/h5>\n<div class=\"qodef-accordion-content\">\n\t<div class=\"qodef-accordion-content-inner\">\n\t\t<p>Italiano e ingl\u00e9s por parte de todo el personal. \u00a0<\/p>\t<\/div>\n<\/div>\n<h5 class=\"qodef-accordion-title\">\n\t<span class=\"qodef-tab-title\">\u00bfEn qu\u00e9 planta se encuentra la Casa de Hu\u00e9spedes de Bea?<\/span>\n\t<span class=\"qodef-accordion-mark\">\n\t\t<span class=\"qodef-line--vertical\"><\/span>\n\t\t<span class=\"qodef-line--horizontal\"><\/span>\n\t<\/span>\n<\/h5>\n<div class=\"qodef-accordion-content\">\n\t<div class=\"qodef-accordion-content-inner\">\n\t\t<p>Estamos ubicados en una tranquila calle privada en la planta baja de un elegante edificio con conserjer\u00eda situado en Via Forcella, 1.<\/p>\t<\/div>\n<\/div>\n<h5 class=\"qodef-accordion-title\">\n\t<span class=\"qodef-tab-title\">\u00bfSe admiten animales de compa\u00f1\u00eda? <\/span>\n\t<span class=\"qodef-accordion-mark\">\n\t\t<span class=\"qodef-line--vertical\"><\/span>\n\t\t<span class=\"qodef-line--horizontal\"><\/span>\n\t<\/span>\n<\/h5>\n<div class=\"qodef-accordion-content\">\n\t<div class=\"qodef-accordion-content-inner\">\n\t\t<p>Lo sentimos, no se admiten mascotas.<\/p>\t<\/div>\n<\/div>\n<h5 class=\"qodef-accordion-title\">\n\t<span class=\"qodef-tab-title\">\u00bfLa estructura tiene estacionamiento?<\/span>\n\t<span class=\"qodef-accordion-mark\">\n\t\t<span class=\"qodef-line--vertical\"><\/span>\n\t\t<span class=\"qodef-line--horizontal\"><\/span>\n\t<\/span>\n<\/h5>\n<div class=\"qodef-accordion-content\">\n\t<div class=\"qodef-accordion-content-inner\">\n\t\t<p>No, la estructura no dispone de aparcamiento privado, pero es posible reservar una plaza de aparcamiento en un aparcamiento vigilado no afiliado en Viale XXI Aprile, a 160 metros de la estructura.<\/p>\t<\/div>\n<\/div>\n<\/div>\n\t\t<\/div>\n\t\t\t\t<\/div>\n\t\t\t\t\t<\/div>\n\t\t<\/div>\n\t\t\t\t<div class=\"elementor-column elementor-col-50 elementor-top-column elementor-element elementor-element-2a033fae\" data-id=\"2a033fae\" data-element_type=\"column\">\n\t\t\t<div class=\"elementor-widget-wrap elementor-element-populated\">\n\t\t\t\t\t\t\t\t<div class=\"elementor-element elementor-element-4e7e67b3 elementor-widget elementor-widget-fairwaygreen_core_single_image\" data-id=\"4e7e67b3\" data-element_type=\"widget\" data-widget_type=\"fairwaygreen_core_single_image.default\">\n\t\t\t\t<div class=\"elementor-widget-container\">\n\t\t\t<div class=\"qodef-shortcode qodef-m  qodef-single-image qodef-layout--default \">\n\t<div class=\"qodef-m-image\">\n\t\t\t<img decoding=\"async\" width=\"1267\" height=\"1900\" src=\"https:\/\/www.beasguesthouse.com\/wp-content\/uploads\/2022\/04\/88A8731-min-1.jpg\" class=\"attachment-full size-full\" alt=\"\" srcset=\"https:\/\/www.beasguesthouse.com\/wp-content\/uploads\/2022\/04\/88A8731-min-1.jpg 1267w, https:\/\/www.beasguesthouse.com\/wp-content\/uploads\/2022\/04\/88A8731-min-1-200x300.jpg 200w, https:\/\/www.beasguesthouse.com\/wp-content\/uploads\/2022\/04\/88A8731-min-1-683x1024.jpg 683w, https:\/\/www.beasguesthouse.com\/wp-content\/uploads\/2022\/04\/88A8731-min-1-768x1152.jpg 768w, https:\/\/www.beasguesthouse.com\/wp-content\/uploads\/2022\/04\/88A8731-min-1-1024x1536.jpg 1024w, https:\/\/www.beasguesthouse.com\/wp-content\/uploads\/2022\/04\/88A8731-min-1-600x900.jpg 600w\" sizes=\"(max-width: 1267px) 100vw, 1267px\" \/>\t<\/div>\n<\/div>\n\t\t<\/div>\n\t\t\t\t<\/div>\n\t\t\t\t\t<\/div>\n\t\t<\/div>\n\t\t\t\t\t\t\t<\/div>\n\t\t<\/section>\n\t\t\t\t\t\t\t<\/div>\n\t\t","protected":false},"excerpt":{"rendered":"<p>\u00bfDudas? \u00bfPreguntas? \u00bfAclaraciones? Esta p\u00e1gina es para usted! Hemos reunido en esta p\u00e1gina las principales respuestas a las preguntas m\u00e1s frecuentes de nuestros apreciados hu\u00e9spedes. \u00bfPor qu\u00e9 reservar desde esta web oficial? \u00bfPor qu\u00e9 es mejor reservar desde este sitio web oficial que desde otro portal online, como Booking o Expedia? Porque en este sitio [&hellip;]<\/p>\n","protected":false},"author":1,"featured_media":0,"parent":0,"menu_order":0,"comment_status":"closed","ping_status":"closed","template":"","meta":{"footnotes":""},"class_list":["post-8300","page","type-page","status-publish","hentry"],"yoast_head":"<!-- This site is optimized with the Yoast SEO plugin v19.9 - https:\/\/yoast.com\/wordpress\/plugins\/seo\/ -->\n<title>La p\u00e1gina de las preguntas frecuentes de Bea&#039;s Guest House en Roma Nomentano<\/title>\n<meta name=\"description\" content=\"Hemos recopilado en esta p\u00e1gina todas las principales respuestas a las preguntas m\u00e1s frecuentes de nuestros queridos hu\u00e9spedes.\" \/>\n<meta name=\"robots\" content=\"index, follow, max-snippet:-1, max-image-preview:large, max-video-preview:-1\" \/>\n<link rel=\"canonical\" href=\"https:\/\/www.beasguesthouse.com\/en\/faq\/\" \/>\n<meta property=\"og:locale\" content=\"es_ES\" \/>\n<meta property=\"og:type\" content=\"article\" \/>\n<meta property=\"og:title\" content=\"La p\u00e1gina de las preguntas frecuentes de Bea&#039;s Guest House en Roma Nomentano\" \/>\n<meta property=\"og:description\" content=\"Hemos recopilado en esta p\u00e1gina todas las principales respuestas a las preguntas m\u00e1s frecuentes de nuestros queridos hu\u00e9spedes.\" \/>\n<meta property=\"og:url\" content=\"https:\/\/www.beasguesthouse.com\/en\/faq\/\" \/>\n<meta property=\"og:site_name\" content=\"Bea&#039;s Guest House\" \/>\n<meta property=\"article:publisher\" content=\"https:\/\/www.facebook.com\/BeasGuesthouse\" \/>\n<meta property=\"article:modified_time\" content=\"2023-05-03T11:40:39+00:00\" \/>\n<meta property=\"og:image\" content=\"https:\/\/www.beasguesthouse.com\/wp-content\/uploads\/2022\/04\/88A8731-min-1.jpg\" \/>\n<meta name=\"twitter:card\" content=\"summary_large_image\" \/>\n<meta name=\"twitter:label1\" content=\"Tiempo de lectura\" \/>\n\t<meta name=\"twitter:data1\" content=\"3 minutos\" \/>\n<script type=\"application\/ld+json\" class=\"yoast-schema-graph\">{\"@context\":\"https:\/\/schema.org\",\"@graph\":[{\"@type\":\"WebPage\",\"@id\":\"https:\/\/www.beasguesthouse.com\/en\/faq\/\",\"url\":\"https:\/\/www.beasguesthouse.com\/en\/faq\/\",\"name\":\"La p\u00e1gina de las preguntas frecuentes de Bea's Guest House en Roma Nomentano\",\"isPartOf\":{\"@id\":\"https:\/\/www.beasguesthouse.com\/#website\"},\"datePublished\":\"2021-03-19T14:08:00+00:00\",\"dateModified\":\"2023-05-03T11:40:39+00:00\",\"description\":\"Hemos recopilado en esta p\u00e1gina todas las principales respuestas a las preguntas m\u00e1s frecuentes de nuestros queridos hu\u00e9spedes.\",\"breadcrumb\":{\"@id\":\"https:\/\/www.beasguesthouse.com\/en\/faq\/#breadcrumb\"},\"inLanguage\":\"es\",\"potentialAction\":[{\"@type\":\"ReadAction\",\"target\":[\"https:\/\/www.beasguesthouse.com\/en\/faq\/\"]}]},{\"@type\":\"BreadcrumbList\",\"@id\":\"https:\/\/www.beasguesthouse.com\/en\/faq\/#breadcrumb\",\"itemListElement\":[{\"@type\":\"ListItem\",\"position\":1,\"name\":\"Home\",\"item\":\"https:\/\/www.beasguesthouse.com\/\"},{\"@type\":\"ListItem\",\"position\":2,\"name\":\"FAQ\"}]},{\"@type\":\"WebSite\",\"@id\":\"https:\/\/www.beasguesthouse.com\/#website\",\"url\":\"https:\/\/www.beasguesthouse.com\/\",\"name\":\"Bea&#039;s Guest House\",\"description\":\"Bea&#039;s Guest House B&amp;B a Piazza Bologna Roma\",\"publisher\":{\"@id\":\"https:\/\/www.beasguesthouse.com\/#organization\"},\"potentialAction\":[{\"@type\":\"SearchAction\",\"target\":{\"@type\":\"EntryPoint\",\"urlTemplate\":\"https:\/\/www.beasguesthouse.com\/?s={search_term_string}\"},\"query-input\":\"required name=search_term_string\"}],\"inLanguage\":\"es\"},{\"@type\":\"Organization\",\"@id\":\"https:\/\/www.beasguesthouse.com\/#organization\",\"name\":\"Bea's Guest House\",\"url\":\"https:\/\/www.beasguesthouse.com\/\",\"logo\":{\"@type\":\"ImageObject\",\"inLanguage\":\"es\",\"@id\":\"https:\/\/www.beasguesthouse.com\/#\/schema\/logo\/image\/\",\"url\":\"https:\/\/www.beasguesthouse.com\/wp-content\/uploads\/2022\/03\/logo-beas-sito.png\",\"contentUrl\":\"https:\/\/www.beasguesthouse.com\/wp-content\/uploads\/2022\/03\/logo-beas-sito.png\",\"width\":401,\"height\":587,\"caption\":\"Bea's Guest House\"},\"image\":{\"@id\":\"https:\/\/www.beasguesthouse.com\/#\/schema\/logo\/image\/\"},\"sameAs\":[\"https:\/\/www.instagram.com\/beasguesthouse\/\",\"https:\/\/www.facebook.com\/BeasGuesthouse\"]}]}<\/script>\n<!-- \/ Yoast SEO plugin. -->","yoast_head_json":{"title":"La p\u00e1gina de las preguntas frecuentes de Bea's Guest House en Roma Nomentano","description":"Hemos recopilado en esta p\u00e1gina todas las principales respuestas a las preguntas m\u00e1s frecuentes de nuestros queridos hu\u00e9spedes.","robots":{"index":"index","follow":"follow","max-snippet":"max-snippet:-1","max-image-preview":"max-image-preview:large","max-video-preview":"max-video-preview:-1"},"canonical":"https:\/\/www.beasguesthouse.com\/en\/faq\/","og_locale":"es_ES","og_type":"article","og_title":"La p\u00e1gina de las preguntas frecuentes de Bea's Guest House en Roma Nomentano","og_description":"Hemos recopilado en esta p\u00e1gina todas las principales respuestas a las preguntas m\u00e1s frecuentes de nuestros queridos hu\u00e9spedes.","og_url":"https:\/\/www.beasguesthouse.com\/en\/faq\/","og_site_name":"Bea&#039;s Guest House","article_publisher":"https:\/\/www.facebook.com\/BeasGuesthouse","article_modified_time":"2023-05-03T11:40:39+00:00","og_image":[{"url":"https:\/\/www.beasguesthouse.com\/wp-content\/uploads\/2022\/04\/88A8731-min-1.jpg"}],"twitter_card":"summary_large_image","twitter_misc":{"Tiempo de lectura":"3 minutos"},"schema":{"@context":"https:\/\/schema.org","@graph":[{"@type":"WebPage","@id":"https:\/\/www.beasguesthouse.com\/en\/faq\/","url":"https:\/\/www.beasguesthouse.com\/en\/faq\/","name":"La p\u00e1gina de las preguntas frecuentes de Bea's Guest House en Roma Nomentano","isPartOf":{"@id":"https:\/\/www.beasguesthouse.com\/#website"},"datePublished":"2021-03-19T14:08:00+00:00","dateModified":"2023-05-03T11:40:39+00:00","description":"Hemos recopilado en esta p\u00e1gina todas las principales respuestas a las preguntas m\u00e1s frecuentes de nuestros queridos hu\u00e9spedes.","breadcrumb":{"@id":"https:\/\/www.beasguesthouse.com\/en\/faq\/#breadcrumb"},"inLanguage":"es","potentialAction":[{"@type":"ReadAction","target":["https:\/\/www.beasguesthouse.com\/en\/faq\/"]}]},{"@type":"BreadcrumbList","@id":"https:\/\/www.beasguesthouse.com\/en\/faq\/#breadcrumb","itemListElement":[{"@type":"ListItem","position":1,"name":"Home","item":"https:\/\/www.beasguesthouse.com\/"},{"@type":"ListItem","position":2,"name":"FAQ"}]},{"@type":"WebSite","@id":"https:\/\/www.beasguesthouse.com\/#website","url":"https:\/\/www.beasguesthouse.com\/","name":"Bea&#039;s Guest House","description":"Bea&#039;s Guest House B&amp;B a Piazza Bologna Roma","publisher":{"@id":"https:\/\/www.beasguesthouse.com\/#organization"},"potentialAction":[{"@type":"SearchAction","target":{"@type":"EntryPoint","urlTemplate":"https:\/\/www.beasguesthouse.com\/?s={search_term_string}"},"query-input":"required name=search_term_string"}],"inLanguage":"es"},{"@type":"Organization","@id":"https:\/\/www.beasguesthouse.com\/#organization","name":"Bea's Guest House","url":"https:\/\/www.beasguesthouse.com\/","logo":{"@type":"ImageObject","inLanguage":"es","@id":"https:\/\/www.beasguesthouse.com\/#\/schema\/logo\/image\/","url":"https:\/\/www.beasguesthouse.com\/wp-content\/uploads\/2022\/03\/logo-beas-sito.png","contentUrl":"https:\/\/www.beasguesthouse.com\/wp-content\/uploads\/2022\/03\/logo-beas-sito.png","width":401,"height":587,"caption":"Bea's Guest House"},"image":{"@id":"https:\/\/www.beasguesthouse.com\/#\/schema\/logo\/image\/"},"sameAs":["https:\/\/www.instagram.com\/beasguesthouse\/","https:\/\/www.facebook.com\/BeasGuesthouse"]}]}},"_links":{"self":[{"href":"https:\/\/www.beasguesthouse.com\/es\/wp-json\/wp\/v2\/pages\/8300","targetHints":{"allow":["GET"]}}],"collection":[{"href":"https:\/\/www.beasguesthouse.com\/es\/wp-json\/wp\/v2\/pages"}],"about":[{"href":"https:\/\/www.beasguesthouse.com\/es\/wp-json\/wp\/v2\/types\/page"}],"author":[{"embeddable":true,"href":"https:\/\/www.beasguesthouse.com\/es\/wp-json\/wp\/v2\/users\/1"}],"replies":[{"embeddable":true,"href":"https:\/\/www.beasguesthouse.com\/es\/wp-json\/wp\/v2\/comments?post=8300"}],"version-history":[{"count":20,"href":"https:\/\/www.beasguesthouse.com\/es\/wp-json\/wp\/v2\/pages\/8300\/revisions"}],"predecessor-version":[{"id":9509,"href":"https:\/\/www.beasguesthouse.com\/es\/wp-json\/wp\/v2\/pages\/8300\/revisions\/9509"}],"wp:attachment":[{"href":"https:\/\/www.beasguesthouse.com\/es\/wp-json\/wp\/v2\/media?parent=8300"}],"curies":[{"name":"wp","href":"https:\/\/api.w.org\/{rel}","templated":true}]}}